{"id":2733,"date":"2025-07-11T23:24:14","date_gmt":"2025-07-11T23:24:14","guid":{"rendered":"https:\/\/hilartalentos.org\/?page_id=2733"},"modified":"2025-07-22T16:59:47","modified_gmt":"2025-07-22T16:59:47","slug":"proyectos-tejidos-2","status":"publish","type":"page","link":"https:\/\/hilartalentos.org\/?page_id=2733","title":{"rendered":"Proyectos Tejidos"},"content":{"rendered":"<p><img decoding=\"async\" src=\"\/wp-content\/uploads\/line-17.svg\" alt=\"\"><\/p>\n<h1>Proyectos Tejido<\/h1>\n<div>Lorem ipsum dolor sit amet, consetetur sadipscing elitr, sed diam nonumy eirmod tempor invidunt ut labore et dolore magna aliquyam erat, sed diam voluptua.<\/div>\n<p><img decoding=\"async\" src=\"\/wp-content\/uploads\/line-01.svg\" alt=\"\"><br \/>\n<img decoding=\"async\" src=\"\/wp-content\/uploads\/2025\/06\/IMG_8901-scaled.jpg\" alt=\"\"><br \/>\n<img decoding=\"async\" src=\"\/wp-content\/uploads\/2025\/07\/talleres_de_gestion_financiera.png\" alt=\"\"><\/p>\n<div>\n<h3>Fortalecimiento de capacidades para la Gesti\u00f3n financiera<\/h3>\n<div>\n<p>En 2024, acompa\u00f1amos a diversas organizaciones a trav\u00e9s de talleres donde compartimos estrategias contables para un seguimiento efectivo de sus recursos. Les brindamos herramientas para clasificar sus gastos con precisi\u00f3n y trabajar con confianza, organizaci\u00f3n y objetivos claros.<\/p>\n<p>Nuestro acompa\u00f1amiento va m\u00e1s all\u00e1, ofrecemos informaci\u00f3n clara y detallada sobre los requisitos para obtener la autorizaci\u00f3n como donataria autorizada. Acompa\u00f1amos a cada organizaci\u00f3n en este proceso, asegurando que est\u00e9n plenamente informadas y preparadas para cumplir con sus obligaciones legales y fiscales.<\/p>\n<p>Adem\u00e1s, damos seguimiento a la implementaci\u00f3n de las estrategias, adapt\u00e1ndolas al contexto de cada grupo. Ofrecemos apoyo personalizado en la revisi\u00f3n del acta constitutiva cuando es necesario, para que las organizaciones cuenten con bases s\u00f3lidas para su crecimiento.<\/p>\n<\/div>\n<p><a href=\"\/?page_id=2930\">Ver campa\u00f1as<\/a><\/p>\n<\/div>\n<p><img decoding=\"async\" src=\"\/wp-content\/uploads\/line-21.svg\" alt=\"\"><br \/>\n<img decoding=\"async\" src=\"\/wp-content\/uploads\/line-03.svg\" alt=\"\"><br \/>\n<img decoding=\"async\" src=\"\/wp-content\/uploads\/2025\/06\/Screenshot-2025-06-26-at-8.58.12%E2%80%AFPM.png\" alt=\"\"><br \/>\n<img decoding=\"async\" src=\"\/wp-content\/uploads\/2025\/06\/Screenshot-2025-06-26-at-8.54.17%E2%80%AFPM.png\" alt=\"\"><\/p>\n<div>\n<h3>Incidencia social y procuraci\u00f3n de recursos<\/h3>\n<div>\n<p>Nuestro Hilo de impacto nos permite participar activamente en espacios de incidencia pol\u00edtica clave para el desarrollo de la sociedad civil. Tejemos alianzas y participamos en foros como la Conferencia Regional de Poblaci\u00f3n y Desarrollo de Am\u00e9rica Latina y El Caribe, donde defendemos la importancia de pol\u00edticas p\u00fablicas que promuevan un desarrollo sostenible e inclusivo.<\/p>\n<p>En la conferencia celebrada en julio de 2024, trabajamos para asegurar que la sociedad civil sea reconocida como un actor esencial en la implementaci\u00f3n del Consenso de Montevideo, que contempla objetivos para garantizar derechos fundamentales, como el derecho a decidir sobre el n\u00famero de hijos, el acceso a la salud sexual y reproductiva, y la igualdad de g\u00e9nero.<\/p>\n<p>Nuestro compromiso con la justicia social nos lleva a participar activamente en espacios internacionales como la Conferencia de Poblaci\u00f3n y Desarrollo, donde unimos fuerzas con otras organizaciones para defender los derechos humanos, especialmente los derechos sexuales y reproductivos, y la igualdad de g\u00e9nero.<\/p>\n<p>En 2024, tejimos redes y compartimos saberes en el Foro Internacional de AWID, un encuentro global que re\u00fane a activistas, organizaciones y donantes comprometidos con la justicia de g\u00e9nero. En este espacio,  impulsamos el fortalecimiento de los movimientos feministas, la creaci\u00f3n de alianzas y el intercambio de estrategias.<\/p>\n<p>Nuestra participaci\u00f3n en el Foro fortalece nuestra convicci\u00f3n de que las organizaciones de la sociedad civil son expertas en sus contextos. Por ello, promovemos narrativas que reconocen su autonom\u00eda e impulsamos un apoyo genuino de los donantes, libre de condicionamientos y agendas externas.<\/p>\n<\/div>\n<p><a href=\"\/?page_id=2930\">Ver campa\u00f1as<\/a><\/p>\n<\/div>\n<p><!--more--><br \/>\n<!-- {\"type\":\"layout\",\"children\":[{\"type\":\"section\",\"props\":{\"class\":\"uk-position-relative\",\"css\":\".el-section {\\n    background: #F06F2F !important}\",\"header_transparent\":true,\"header_transparent_noplaceholder\":false,\"header_transparent_text_color\":\"dark\",\"height\":\"pixels\",\"height_offset_top\":true,\"height_viewport\":700,\"image_position\":\"center-center\",\"padding\":\"none\",\"padding_remove_bottom\":false,\"preserve_color\":false,\"style\":\"secondary\",\"title_breakpoint\":\"xl\",\"title_position\":\"center-left\",\"title_rotation\":\"left\",\"vertical_align\":\"middle\",\"width\":\"\"},\"children\":[{\"type\":\"row\",\"children\":[{\"type\":\"column\",\"props\":{\"css\":\".el-column > * { position: static; }\",\"image_position\":\"center-center\",\"position_sticky_breakpoint\":\"m\"},\"children\":[{\"type\":\"image\",\"props\":{\"css\":\".el-image { max-width: 40vw; }\",\"image\":\"wp-content\\\/uploads\\\/line-17.svg\",\"image_height\":\"810\",\"image_loading\":true,\"image_svg_animate\":true,\"image_svg_color\":\"emphasis\",\"image_svg_inline\":true,\"image_width\":\"535\",\"margin\":\"default\",\"position\":\"absolute\",\"position_left\":\"0\",\"position_top\":\"0\",\"position_z_index\":\"0\",\"text_align\":\"left\",\"visibility\":\"s\"}}]}],\"props\":{\"margin\":\"remove-vertical\"}},{\"type\":\"row\",\"children\":[{\"type\":\"column\",\"props\":{\"image_position\":\"center-center\",\"position_sticky_breakpoint\":\"m\",\"vertical_align\":\"middle\"},\"children\":[{\"type\":\"headline\",\"props\":{\"content\":\"Proyectos Tejido\",\"position\":\"relative\",\"position_z_index\":\"1\",\"text_align\":\"center\",\"title_element\":\"h1\",\"title_style\":\"heading-large\"}},{\"type\":\"text\",\"props\":{\"block_align\":\"center\",\"column_breakpoint\":\"m\",\"content\":\"Lorem ipsum dolor sit amet, consetetur sadipscing elitr, sed diam nonumy eirmod tempor invidunt ut labore et dolore magna aliquyam erat, sed diam voluptua.\",\"css\":\".el-element.uk-width-xlarge { width: 520px; }\",\"margin\":\"default\",\"maxwidth\":\"xlarge\",\"position\":\"relative\",\"position_z_index\":\"1\",\"text_align\":\"center\"}}]}],\"props\":{\"width\":\"default\"}},{\"type\":\"row\",\"children\":[{\"type\":\"column\",\"props\":{\"css\":\".el-column > * { position: static; }\",\"image_position\":\"center-center\",\"position_sticky_breakpoint\":\"m\"},\"children\":[{\"type\":\"image\",\"props\":{\"css\":\".el-image { max-width: 100vw; }\",\"image\":\"wp-content\\\/uploads\\\/line-01.svg\",\"image_svg_animate\":true,\"image_svg_color\":\"emphasis\",\"image_svg_inline\":true,\"image_width\":\"2560\",\"margin\":\"default\",\"position\":\"absolute\",\"position_top\":\"10vw\",\"position_z_index\":\"0\",\"text_align\":\"center\",\"visibility\":\"m\"},\"name\":\"Linea cruza centro\"}]}],\"props\":{\"margin\":\"remove-vertical\"}}],\"name\":\"Hero\"},{\"type\":\"section\",\"props\":{\"animation\":\"slide-bottom-medium\",\"image_position\":\"center-center\",\"padding\":\"large\",\"style\":\"default\",\"title_breakpoint\":\"xl\",\"title_position\":\"top-left\",\"title_rotation\":\"left\",\"vertical_align\":\"middle\",\"width\":\"large\"},\"children\":[{\"type\":\"row\",\"children\":[{\"type\":\"column\",\"props\":{\"image_position\":\"center-center\",\"position_sticky_breakpoint\":\"m\"},\"children\":[{\"type\":\"image\",\"props\":{\"animation\":\"parallax\",\"css\":\".el-image { max-width: 17vw; }\",\"image\":\"wp-content\\\/uploads\\\/2025\\\/06\\\/IMG_8901-scaled.jpg\",\"image_svg_color\":\"emphasis\",\"image_width\":\"520\",\"margin\":\"default\",\"parallax_easing\":\"1\",\"parallax_y\":\"100,-100\",\"position\":\"absolute\",\"position_left\":\"65vw\",\"position_top\":\"0\",\"position_z_index\":\"2\",\"visibility\":\"m\"},\"name\":\"Image 3 izquierda\"},{\"type\":\"image\",\"props\":{\"animation\":\"parallax\",\"css\":\".el-image { max-width: 18vw; }\",\"image\":\"wp-content\\\/uploads\\\/2025\\\/07\\\/talleres_de_gestion_financiera.png\",\"image_svg_color\":\"emphasis\",\"margin\":\"default\",\"parallax_easing\":\"1\",\"parallax_y\":\"15vh,-20vh\",\"position\":\"absolute\",\"position_top\":\"30vh\",\"position_z_index\":\"2\",\"text_align\":\"right\",\"visibility\":\"m\"},\"name\":\"Image 2 derecha\"}]}]},{\"type\":\"row\",\"children\":[{\"type\":\"column\",\"props\":{\"image_position\":\"center-center\",\"position_sticky_breakpoint\":\"m\",\"width_medium\":\"2-3\"},\"children\":[{\"type\":\"grid\",\"props\":{\"content_column_breakpoint\":\"m\",\"css\":\".el-content {\\n\\tcolor: #314049;\\n}\\n.el-title {\\n\\tcolor: #314049;\\n}\\n.el-meta {\\n\\tcolor: #314049;\\n}\",\"filter_align\":\"left\",\"filter_all\":true,\"filter_grid_breakpoint\":\"m\",\"filter_grid_width\":\"auto\",\"filter_position\":\"top\",\"filter_style\":\"tab\",\"grid_default\":\"1\",\"grid_large\":\"1\",\"grid_medium\":\"1\",\"grid_parallax\":\"100\",\"grid_small\":\"1\",\"grid_xlarge\":\"1\",\"icon_width\":80,\"image_align\":\"top\",\"image_grid_breakpoint\":\"m\",\"image_grid_width\":\"1-2\",\"image_svg_color\":\"emphasis\",\"item_animation\":true,\"lightbox_bg_close\":true,\"link_margin\":\"medium\",\"link_style\":\"default\",\"link_text\":\"Read more\",\"margin\":\"default\",\"meta_align\":\"below-title\",\"meta_element\":\"div\",\"meta_style\":\"text-meta\",\"panel_image_no_padding\":false,\"panel_padding\":\"default\",\"panel_style\":\"card-default\",\"position\":\"relative\",\"position_z_index\":\"3\",\"show_content\":true,\"show_hover_image\":true,\"show_hover_video\":true,\"show_image\":true,\"show_link\":true,\"show_meta\":true,\"show_title\":true,\"show_video\":true,\"title_align\":\"top\",\"title_element\":\"h3\",\"title_grid_breakpoint\":\"m\",\"title_grid_width\":\"1-2\",\"title_hover_style\":\"reset\",\"title_style\":\"heading-small\"},\"children\":[{\"type\":\"grid_item\",\"props\":{\"content\":\"\n\n<p>En 2024, acompa\\u00f1amos a diversas organizaciones a trav\\u00e9s de talleres donde compartimos estrategias contables para un seguimiento efectivo de sus recursos. Les brindamos herramientas para clasificar sus gastos con precisi\\u00f3n y trabajar con confianza, organizaci\\u00f3n y objetivos claros.<\\\/p>\\n\n\n<p>Nuestro acompa\\u00f1amiento va m\\u00e1s all\\u00e1, ofrecemos informaci\\u00f3n clara y detallada sobre los requisitos para obtener la autorizaci\\u00f3n como donataria autorizada. Acompa\\u00f1amos a cada organizaci\\u00f3n en este proceso, asegurando que est\\u00e9n plenamente informadas y preparadas para cumplir con sus obligaciones legales y fiscales.<\\\/p>\\n\n\n<p>Adem\\u00e1s, damos seguimiento a la implementaci\\u00f3n de las estrategias, adapt\\u00e1ndolas al contexto de cada grupo. Ofrecemos apoyo personalizado en la revisi\\u00f3n del acta constitutiva cuando es necesario, para que las organizaciones cuenten con bases s\\u00f3lidas para su crecimiento.<\\\/p>\",\"image\":\"\",\"link\":\"?page_id=2930\",\"link_text\":\"Ver campa\\u00f1as\",\"title\":\"Fortalecimiento de capacidades para la Gesti\\u00f3n financiera\"}}],\"name\":\"Grid standar\"}]},{\"type\":\"column\",\"props\":{\"image_position\":\"center-center\",\"position_sticky_breakpoint\":\"m\",\"width_medium\":\"1-3\"}}],\"props\":{\"layout\":\"2-3,1-3\"}},{\"type\":\"row\",\"children\":[{\"type\":\"column\",\"props\":{\"image_position\":\"center-center\",\"position_sticky_breakpoint\":\"m\"},\"children\":[{\"type\":\"image\",\"props\":{\"css\":\".el-image { max-width: 100vw; }\",\"image\":\"wp-content\\\/uploads\\\/line-21.svg\",\"image_height\":700,\"image_svg_animate\":true,\"image_svg_color\":\"emphasis\",\"image_svg_inline\":true,\"margin\":\"default\",\"position\":\"absolute\",\"position_right\":\"80vw\",\"position_z_index\":\"2\",\"text_align\":\"right\",\"visibility\":\"m\"},\"name\":\"Linea cruce\"},{\"type\":\"image\",\"props\":{\"image\":\"wp-content\\\/uploads\\\/line-03.svg\",\"image_svg_animate\":true,\"image_svg_color\":\"emphasis\",\"image_svg_inline\":true,\"image_width\":\"2560\",\"margin\":\"default\",\"position\":\"absolute\",\"position_right\":\"-15vw\",\"position_top\":\"10vh\",\"position_z_index\":\"0\",\"text_align\":\"center\",\"visibility\":\"m\"},\"name\":\"Linea 3\"}]}]},{\"type\":\"row\",\"children\":[{\"type\":\"column\",\"props\":{\"image_position\":\"center-center\",\"position_sticky_breakpoint\":\"m\"},\"children\":[{\"type\":\"image\",\"props\":{\"animation\":\"parallax\",\"css\":\".el-image { max-width: 20vw; }\",\"image\":\"wp-content\\\/uploads\\\/2025\\\/06\\\/Screenshot-2025-06-26-at-8.58.12\\u202fPM.png\",\"image_svg_color\":\"emphasis\",\"image_width\":\"520\",\"margin\":\"default\",\"parallax_easing\":\"1\",\"parallax_y\":\"5vh,-10vh\",\"position\":\"absolute\",\"position_top\":\"10vh\",\"position_z_index\":\"1\",\"visibility\":\"m\"},\"name\":\"Image 3 izquierda\"},{\"type\":\"image\",\"props\":{\"animation\":\"parallax\",\"css\":\".el-image { max-width: 17vw; }\",\"image\":\"wp-content\\\/uploads\\\/2025\\\/06\\\/Screenshot-2025-06-26-at-8.54.17\\u202fPM.png\",\"image_svg_color\":\"emphasis\",\"image_width\":\"520\",\"margin\":\"default\",\"parallax_easing\":\"1\",\"parallax_y\":\"5vh,-20vh\",\"position\":\"absolute\",\"position_left\":\"5vw\",\"position_top\":\"45vh\",\"position_z_index\":\"0\",\"visibility\":\"m\"},\"name\":\"Image 3 izquierda\"}]}]},{\"type\":\"row\",\"children\":[{\"type\":\"column\",\"props\":{\"image_position\":\"center-center\",\"position_sticky_breakpoint\":\"m\",\"width_medium\":\"1-3\"}},{\"type\":\"column\",\"props\":{\"image_position\":\"center-center\",\"position_sticky_breakpoint\":\"m\",\"width_medium\":\"2-3\"},\"children\":[{\"type\":\"grid\",\"props\":{\"content_column_breakpoint\":\"m\",\"css\":\".el-content {\\n\\tcolor: #314049;\\n}\\n.el-title {\\n\\tcolor: #314049;\\n}\\n.el-meta {\\n\\tcolor: #314049;\\n}\",\"filter_align\":\"left\",\"filter_all\":true,\"filter_grid_breakpoint\":\"m\",\"filter_grid_width\":\"auto\",\"filter_position\":\"top\",\"filter_style\":\"tab\",\"grid_default\":\"1\",\"grid_large\":\"1\",\"grid_medium\":\"1\",\"grid_parallax\":\"100\",\"grid_small\":\"1\",\"grid_xlarge\":\"1\",\"icon_width\":80,\"image_align\":\"top\",\"image_grid_breakpoint\":\"m\",\"image_grid_width\":\"1-2\",\"image_svg_color\":\"emphasis\",\"item_animation\":true,\"lightbox_bg_close\":true,\"link_margin\":\"medium\",\"link_style\":\"default\",\"link_text\":\"Read more\",\"margin\":\"default\",\"meta_align\":\"below-title\",\"meta_element\":\"div\",\"meta_style\":\"text-meta\",\"panel_image_no_padding\":false,\"panel_padding\":\"default\",\"panel_style\":\"card-default\",\"position\":\"relative\",\"position_z_index\":\"2\",\"show_content\":true,\"show_hover_image\":true,\"show_hover_video\":true,\"show_image\":true,\"show_link\":true,\"show_meta\":true,\"show_title\":true,\"show_video\":true,\"title_align\":\"top\",\"title_element\":\"h3\",\"title_grid_breakpoint\":\"m\",\"title_grid_width\":\"1-2\",\"title_hover_style\":\"reset\",\"title_style\":\"heading-small\"},\"children\":[{\"type\":\"grid_item\",\"props\":{\"content\":\"\n\n<p>Nuestro Hilo de impacto nos permite participar activamente en espacios de incidencia pol\\u00edtica clave para el desarrollo de la sociedad civil. Tejemos alianzas y participamos en foros como la Conferencia Regional de Poblaci\\u00f3n y Desarrollo de Am\\u00e9rica Latina y El Caribe, donde defendemos la importancia de pol\\u00edticas p\\u00fablicas que promuevan un desarrollo sostenible e inclusivo.<\\\/p>\\n\n\n<p>En la conferencia celebrada en julio de 2024, trabajamos para asegurar que la sociedad civil sea reconocida como un actor esencial en la implementaci\\u00f3n del Consenso de Montevideo, que contempla objetivos para garantizar derechos fundamentales, como el derecho a decidir sobre el n\\u00famero de hijos, el acceso a la salud sexual y reproductiva, y la igualdad de g\\u00e9nero.<\\\/p>\\nNuestro compromiso con la justicia social nos lleva a participar activamente en espacios internacionales como la Conferencia de Poblaci\\u00f3n y Desarrollo, donde unimos fuerzas con otras organizaciones para defender los derechos humanos, especialmente los derechos sexuales y reproductivos, y la igualdad de g\\u00e9nero.\\n\n\n<p>En 2024, tejimos redes y compartimos saberes en el Foro Internacional de AWID, un encuentro global que re\\u00fane a activistas, organizaciones y donantes comprometidos con la justicia de g\\u00e9nero. En este espacio,  impulsamos el fortalecimiento de los movimientos feministas, la creaci\\u00f3n de alianzas y el intercambio de estrategias.<\\\/p>\\n\n\n<p>Nuestra participaci\\u00f3n en el Foro fortalece nuestra convicci\\u00f3n de que las organizaciones de la sociedad civil son expertas en sus contextos. Por ello, promovemos narrativas que reconocen su autonom\\u00eda e impulsamos un apoyo genuino de los donantes, libre de condicionamientos y agendas externas.<\\\/p>\\n\\n\",\"link\":\"?page_id=2930\",\"link_text\":\"Ver campa\\u00f1as\",\"title\":\"Incidencia social y procuraci\\u00f3n de recursos\"}}],\"name\":\"Grid standar\"}]}],\"props\":{\"layout\":\"1-3,2-3\"}},{\"type\":\"row\",\"children\":[{\"type\":\"column\",\"props\":{\"image_position\":\"center-center\",\"position_sticky_breakpoint\":\"m\"}}]}]}],\"version\":\"4.5.24\"} --><\/p>\n","protected":false},"excerpt":{"rendered":"<p>Proyectos Tejido Lorem ipsum dolor sit amet, consetetur sadipscing elitr, sed diam nonumy eirmod tempor invidunt ut labore et dolore magna aliquyam erat, sed diam voluptua. Fortalecimiento de capacidades para la Gesti\u00f3n financiera En 2024, acompa\u00f1amos a diversas organizaciones a trav\u00e9s de talleres donde compartimos estrategias contables para un seguimiento efectivo de sus recursos. Les [&hellip;]<\/p>\n","protected":false},"author":1,"featured_media":0,"parent":0,"menu_order":0,"comment_status":"closed","ping_status":"closed","template":"","meta":{"_acf_changed":false,"footnotes":""},"class_list":["post-2733","page","type-page","status-publish","hentry"],"acf":[],"_links":{"self":[{"href":"https:\/\/hilartalentos.org\/index.php?rest_route=\/wp\/v2\/pages\/2733","targetHints":{"allow":["GET"]}}],"collection":[{"href":"https:\/\/hilartalentos.org\/index.php?rest_route=\/wp\/v2\/pages"}],"about":[{"href":"https:\/\/hilartalentos.org\/index.php?rest_route=\/wp\/v2\/types\/page"}],"author":[{"embeddable":true,"href":"https:\/\/hilartalentos.org\/index.php?rest_route=\/wp\/v2\/users\/1"}],"replies":[{"embeddable":true,"href":"https:\/\/hilartalentos.org\/index.php?rest_route=%2Fwp%2Fv2%2Fcomments&post=2733"}],"version-history":[{"count":133,"href":"https:\/\/hilartalentos.org\/index.php?rest_route=\/wp\/v2\/pages\/2733\/revisions"}],"predecessor-version":[{"id":2959,"href":"https:\/\/hilartalentos.org\/index.php?rest_route=\/wp\/v2\/pages\/2733\/revisions\/2959"}],"wp:attachment":[{"href":"https:\/\/hilartalentos.org\/index.php?rest_route=%2Fwp%2Fv2%2Fmedia&parent=2733"}],"curies":[{"name":"wp","href":"https:\/\/api.w.org\/{rel}","templated":true}]}}